{"id":112,"date":"2021-12-09T14:27:44","date_gmt":"2021-12-09T14:27:44","guid":{"rendered":"https:\/\/knowledge-edge.hakschwaz.at\/?page_id=112"},"modified":"2022-06-14T17:06:21","modified_gmt":"2022-06-14T17:06:21","slug":"startseite-neu","status":"publish","type":"page","link":"https:\/\/knowledge-edge.hak-schwaz.at\/","title":{"rendered":"Startseite"},"content":{"rendered":"<p>[et_pb_section fb_built=&#8220;1&#8243; _builder_version=&#8220;4.14.2&#8243; _module_preset=&#8220;default&#8220; background_color=&#8220;#f2f2f2&#8243; background_image=&#8220;https:\/\/knowledge-edge.hakschwaz.at\/wp-content\/uploads\/2022\/01\/probiern-mas.jpg&#8220; width=&#8220;100%&#8220; min_height=&#8220;518px&#8220; height=&#8220;932px&#8220; custom_padding=&#8220;||0px||false|false&#8220; hover_transition_duration=&#8220;750ms&#8220; hover_transition_delay=&#8220;100ms&#8220; hover_transition_speed_curve=&#8220;ease-in-out&#8220; scroll_vertical_motion_enable=&#8220;on&#8220; scroll_vertical_motion=&#8220;0|75|75|100|-1.5|0|1&#8243; scroll_fade=&#8220;0|79|79|100|0|100|100&#8243; scroll_scaling=&#8220;0|75|75|100|70|100|100&#8243; global_colors_info=&#8220;{}&#8220;][et_pb_row _builder_version=&#8220;4.14.2&#8243; _module_preset=&#8220;default&#8220; global_colors_info=&#8220;{}&#8220;][et_pb_column type=&#8220;4_4&#8243; _builder_version=&#8220;4.14.2&#8243; _module_preset=&#8220;default&#8220; global_colors_info=&#8220;{}&#8220;][et_pb_slider _builder_version=&#8220;4.14.2&#8243; _module_preset=&#8220;default&#8220; header_font_size=&#8220;87px&#8220; body_font_size=&#8220;32px&#8220; body_letter_spacing=&#8220;6px&#8220; body_line_height=&#8220;1.8em&#8220; content_max_width=&#8220;86%&#8220; min_height=&#8220;117px&#8220; height=&#8220;257px&#8220; global_colors_info=&#8220;{}&#8220;][et_pb_slide heading=&#8220;Knowledge-Edge&#8220; _builder_version=&#8220;4.14.2&#8243; _module_preset=&#8220;default&#8220; body_font_size=&#8220;13px&#8220; body_line_height=&#8220;1em&#8220; background_color=&#8220;RGBA(255,255,255,0)&#8220; background_enable_color=&#8220;on&#8220; global_colors_info=&#8220;{}&#8220; sticky_transition=&#8220;on&#8220;]<\/p>\n<p>Schnell zum Erfolg!<\/p>\n<p>[\/et_pb_slide][\/et_pb_slider][et_pb_button button_url=&#8220;#about-us&#8220; button_text=&#8220;\u00dcber uns&#8220; button_alignment=&#8220;center&#8220; _builder_version=&#8220;4.14.2&#8243; _module_preset=&#8220;default&#8220; custom_button=&#8220;on&#8220; button_text_size=&#8220;16px&#8220; button_text_color=&#8220;#FFFFFF&#8220; button_border_radius=&#8220;33px&#8220; button_letter_spacing=&#8220;3px&#8220; custom_margin=&#8220;12px||12px||false|false&#8220; custom_padding=&#8220;||4px||false|false&#8220; global_colors_info=&#8220;{}&#8220;][\/et_pb_button][\/et_pb_column][\/et_pb_row][\/et_pb_section][et_pb_section fb_built=&#8220;1&#8243; _builder_version=&#8220;4.14.2&#8243; _module_preset=&#8220;default&#8220; background_color=&#8220;#f2f2f2&#8243; custom_margin=&#8220;0px||||false|false&#8220; global_colors_info=&#8220;{}&#8220;][et_pb_row column_structure=&#8220;1_2,1_2&#8243; _builder_version=&#8220;4.14.2&#8243; _module_preset=&#8220;default&#8220; global_colors_info=&#8220;{}&#8220;][et_pb_column type=&#8220;1_2&#8243; _builder_version=&#8220;4.14.2&#8243; _module_preset=&#8220;default&#8220; global_colors_info=&#8220;{}&#8220;][et_pb_image src=&#8220;https:\/\/knowledge-edge.hakschwaz.at\/wp-content\/uploads\/2021\/12\/bearbeitet.png&#8220; title_text=&#8220;bearbeitet&#8220; _builder_version=&#8220;4.14.2&#8243; _module_preset=&#8220;default&#8220; background_color=&#8220;RGBA(255,255,255,0)&#8220; global_colors_info=&#8220;{}&#8220;][\/et_pb_image][\/et_pb_column][et_pb_column type=&#8220;1_2&#8243; _builder_version=&#8220;4.14.2&#8243; _module_preset=&#8220;default&#8220; global_colors_info=&#8220;{}&#8220;][et_pb_text _builder_version=&#8220;4.14.2&#8243; _module_preset=&#8220;default&#8220; text_font_size=&#8220;33px&#8220; text_line_height=&#8220;2em&#8220; max_height=&#8220;1000px&#8220; global_colors_info=&#8220;{}&#8220;]<\/p>\n<h1><strong>Was bieten wir dir an?<\/strong><\/h1>\n<h4>Durch Corona und die ganzen Lockdowns wurde Nachhilfe nehmen immer komplizierter. Unsere Idee war, auch in schwierigeren Phasen Nachhilfe durch unsere Webseite m\u00f6glich zu machen.<\/h4>\n<h4>Unsere Nachhilfelehrer sind Sch\u00fcler ab der 3. Klasse, die sich bereit erkl\u00e4rt haben anderen in ihren Spezialgebieten zu helfen.<\/h4>\n<h4>In der Anleitung, die hier verlinkt ist findest du nochmal weitere Informationen zur Benutzung und zum Ablauf.<\/h4>\n<h4>Viel Spa\u00df beim Lernen!<\/h4>\n<h4>Dein Knowledge-Edge Team<\/h4>\n<p>[\/et_pb_text][et_pb_button button_url=&#8220;https:\/\/knowledge-edge.hakschwaz.at\/?page_id=232&#8243; button_text=&#8220;Klicks&#8220; _builder_version=&#8220;4.14.2&#8243; _module_preset=&#8220;default&#8220; global_colors_info=&#8220;{}&#8220;][\/et_pb_button][\/et_pb_column][\/et_pb_row][\/et_pb_section][et_pb_section fb_built=&#8220;1&#8243; _builder_version=&#8220;4.14.2&#8243; _module_preset=&#8220;default&#8220; background_color=&#8220;#f2f2f2&#8243; global_colors_info=&#8220;{}&#8220;][et_pb_row _builder_version=&#8220;4.14.2&#8243; _module_preset=&#8220;default&#8220; global_colors_info=&#8220;{}&#8220;][et_pb_column type=&#8220;4_4&#8243; _builder_version=&#8220;4.14.2&#8243; _module_preset=&#8220;default&#8220; global_colors_info=&#8220;{}&#8220;][et_pb_text _builder_version=&#8220;4.14.2&#8243; _module_preset=&#8220;default&#8220; global_colors_info=&#8220;{}&#8220;]<\/p>\n<h2>So funktioniert es!<\/h2>\n<p>[\/et_pb_text][et_pb_text _builder_version=&#8220;4.14.2&#8243; _module_preset=&#8220;default&#8220; text_font_size=&#8220;16px&#8220; global_colors_info=&#8220;{}&#8220;]<\/p>\n<ul>\n<li>\n<h3>auf den Register Lernhelfer wechseln<\/h3>\n<\/li>\n<li>\n<h3>passenden Lernhelfer w\u00e4hlen<\/h3>\n<\/li>\n<li>\n<h3>Zeit ausw\u00e4hlen &amp; buchen<\/h3>\n<\/li>\n<li>\n<h3>pers\u00f6nliche Daten eingeben &amp; Kostenpflichtig bestellen\u00a0<\/h3>\n<\/li>\n<li>\n<h3>Direkt\u00fcberweisung selbst durchf\u00fchren (schreibe deinen Namen und den Namen deines Lernhelfers als Zahlungsreferenz)<\/h3>\n<\/li>\n<li>\n<h3>bei Zahlungseingang wirst du in einen Teamskanal hinzugef\u00fcgt &#8211; dort wird das Meeting stattfinden<\/h3>\n<\/li>\n<\/ul>\n<p>&nbsp;<\/p>\n<h3><strong>Bitte beachte, dass die \u00dcberweisung einen Banktag dauern kann!<\/strong><\/h3>\n<p>[\/et_pb_text][\/et_pb_column][\/et_pb_row][\/et_pb_section][et_pb_section fb_built=&#8220;1&#8243; _builder_version=&#8220;4.14.2&#8243; _module_preset=&#8220;default&#8220; background_color=&#8220;#f2f2f2&#8243; global_colors_info=&#8220;{}&#8220;][et_pb_row _builder_version=&#8220;4.14.2&#8243; _module_preset=&#8220;default&#8220; global_colors_info=&#8220;{}&#8220;][et_pb_column type=&#8220;4_4&#8243; _builder_version=&#8220;4.14.2&#8243; _module_preset=&#8220;default&#8220; global_colors_info=&#8220;{}&#8220;][et_pb_text _builder_version=&#8220;4.14.2&#8243; _module_preset=&#8220;default&#8220; global_colors_info=&#8220;{}&#8220;]<\/p>\n<h2>Unsere Preisliste<\/h2>\n<p>[\/et_pb_text][et_pb_pricing_tables featured_table_header_background_color=&#8220;#8ba8bc&#8220; featured_table_header_text_color=&#8220;#8ba8bc&#8220; header_background_color=&#8220;#8ba8bc&#8220; featured_table_price_color=&#8220;#FFFFFF&#8220; price_background_color=&#8220;#FFFFFF&#8220; _builder_version=&#8220;4.14.2&#8243; _module_preset=&#8220;default&#8220; currency_frequency_text_color=&#8220;rgba(0,0,0,0.59)&#8220; price_text_color=&#8220;rgba(0,0,0,0.59)&#8220; header_font_size=&#8220;34px&#8220; body_font_size=&#8220;17px&#8220; background_color=&#8220;#FFFFFF&#8220; global_colors_info=&#8220;{}&#8220;][et_pb_pricing_table title=&#8220;30 min&#8220; currency=&#8220;\u20ac&#8220; sum=&#8220;6&#8243; _builder_version=&#8220;4.14.2&#8243; _module_preset=&#8220;default&#8220; background_color=&#8220;#FFFFFF&#8220; background_enable_color=&#8220;on&#8220; custom_button=&#8220;on&#8220; button_text_size=&#8220;1px&#8220; button_icon=&#8220;&#x3d;||divi||400&#8243; button_alignment=&#8220;left&#8220; global_colors_info=&#8220;{}&#8220; sticky_transition=&#8220;on&#8220;]<\/p>\n<p>Ideal f\u00fcr kleine Probleml\u00f6sungen oder kleine Besprechungen<\/p>\n<p>[\/et_pb_pricing_table][et_pb_pricing_table title=&#8220;60 min&#8220; currency=&#8220;\u20ac&#8220; sum=&#8220;10&#8243; _builder_version=&#8220;4.14.2&#8243; _module_preset=&#8220;default&#8220; global_colors_info=&#8220;{}&#8220; sticky_transition=&#8220;on&#8220;]<\/p>\n<p>F\u00fcr gr\u00f6\u00dfere Lerneinheiten oder Testvorbereitungen<\/p>\n<p>[\/et_pb_pricing_table][et_pb_pricing_table title=&#8220;90 min&#8220; currency=&#8220;\u20ac&#8220; sum=&#8220;14&#8243; _builder_version=&#8220;4.14.2&#8243; _module_preset=&#8220;default&#8220; global_colors_info=&#8220;{}&#8220; sticky_transition=&#8220;on&#8220;]<\/p>\n<p>Empfehlenswert f\u00fcr Schularbeiten oder gr\u00f6\u00dfere \u00dcberpr\u00fcfungen<\/p>\n<p>[\/et_pb_pricing_table][\/et_pb_pricing_tables][\/et_pb_column][\/et_pb_row][\/et_pb_section][et_pb_section fb_built=&#8220;1&#8243; module_id=&#8220;about-us&#8220; _builder_version=&#8220;4.14.2&#8243; _module_preset=&#8220;default&#8220; background_color=&#8220;#8ba7bb&#8220; global_colors_info=&#8220;{}&#8220;][et_pb_row column_structure=&#8220;1_2,1_2&#8243; _builder_version=&#8220;4.14.2&#8243; _module_preset=&#8220;default&#8220; background_color=&#8220;RGBA(255,255,255,0)&#8220; global_colors_info=&#8220;{}&#8220;][et_pb_column type=&#8220;1_2&#8243; _builder_version=&#8220;4.14.2&#8243; _module_preset=&#8220;default&#8220; global_colors_info=&#8220;{}&#8220;][et_pb_text _builder_version=&#8220;4.14.2&#8243; _module_preset=&#8220;default&#8220; background_color=&#8220;#f2f2f2&#8243; min_height=&#8220;357.8px&#8220; custom_padding=&#8220;22px|19px||19px|false|false&#8220; global_colors_info=&#8220;{}&#8220;]<\/p>\n<h2 style=\"text-align: center;\">\u00dcber uns<\/h2>\n<p>Wir sind eine Truppe von 5 M\u00e4dels aus der Handelsakademie Schwaz. Diese Webseite entstand 2021 durch einen Wettbewerb. Wir \u00fcberlegten uns ein L\u00f6sung f\u00fcr Probleme der Sch\u00fcler und kamen alle gemeinsam auf einen Nenner. Ab dann begann eine spannende Zeit f\u00fcr uns, in der wir viel Arbeit und Zeit in dieses Projekt steckten. Nun steht unsere Webseite endlich und wir hoffen du ziehst den Nutzen daraus, den wir f\u00fcr unsere Kunden geplant haben. Wir werden uns auch weiterhin bem\u00fchen die Webseite stehts aktuell zu halten. Also sei auch auf Neues gespannt.<\/p>\n<p>[\/et_pb_text][\/et_pb_column][et_pb_column type=&#8220;1_2&#8243; _builder_version=&#8220;4.14.2&#8243; _module_preset=&#8220;default&#8220; global_colors_info=&#8220;{}&#8220;][et_pb_image src=&#8220;https:\/\/knowledge-edge.hakschwaz.at\/wp-content\/uploads\/2021\/12\/better-scaled.jpg&#8220; title_text=&#8220;better&#8220; _builder_version=&#8220;4.14.2&#8243; _module_preset=&#8220;default&#8220; global_colors_info=&#8220;{}&#8220;][\/et_pb_image][\/et_pb_column][\/et_pb_row][\/et_pb_section][et_pb_section fb_built=&#8220;1&#8243; _builder_version=&#8220;4.14.2&#8243; _module_preset=&#8220;default&#8220; background_color=&#8220;#f2f2f2&#8243; custom_padding=&#8220;|10px||10px|false|false&#8220; global_colors_info=&#8220;{}&#8220;][et_pb_row column_structure=&#8220;1_4,1_4,1_4,1_4&#8243; _builder_version=&#8220;4.14.2&#8243; _module_preset=&#8220;default&#8220; width=&#8220;96%&#8220; max_width=&#8220;2467px&#8220; custom_margin=&#8220;|20px||20px|false|false&#8220; custom_padding=&#8220;||34px|||&#8220; global_colors_info=&#8220;{}&#8220;][et_pb_column type=&#8220;1_4&#8243; _builder_version=&#8220;4.14.2&#8243; _module_preset=&#8220;default&#8220; global_colors_info=&#8220;{}&#8220;][et_pb_slider _builder_version=&#8220;4.14.2&#8243; _module_preset=&#8220;default&#8220; background_color=&#8220;#8ba7bb&#8220; width=&#8220;110%&#8220; max_width=&#8220;105%&#8220; content_max_width=&#8220;100%&#8220; min_height=&#8220;530px&#8220; height=&#8220;470px&#8220; custom_margin=&#8220;||13px|||&#8220; global_colors_info=&#8220;{}&#8220;][et_pb_slide heading=&#8220;Yasmin Wieser&#8220; image=&#8220;https:\/\/knowledge-edge.hakschwaz.at\/wp-content\/uploads\/2021\/12\/yasmin-wieser.jpg&#8220; _builder_version=&#8220;4.14.2&#8243; _module_preset=&#8220;default&#8220; global_colors_info=&#8220;{}&#8220; sticky_transition=&#8220;on&#8220;][\/et_pb_slide][et_pb_slide _builder_version=&#8220;4.14.2&#8243; _module_preset=&#8220;default&#8220; global_colors_info=&#8220;{}&#8220; sticky_transition=&#8220;on&#8220;]<\/p>\n<div>\n<div>\n<div>\n<div>\n<div>\n<div>\n<div>\n<p><span>Toll, wenn Sch\u00fcler:innen so motiviert und begeistert von einer Sache sind, wie das Team von Knowledge Edge! Da wird das Projekt sicherlich erfolgreich &#8211; das w\u00fcnsche ich der Gruppe und unterst\u00fctze sie gerne.<\/span><\/p>\n<\/div>\n<\/div>\n<\/div>\n<\/div>\n<\/div>\n<\/div>\n<\/div>\n<p>[\/et_pb_slide][\/et_pb_slider][\/et_pb_column][et_pb_column type=&#8220;1_4&#8243; _builder_version=&#8220;4.14.2&#8243; _module_preset=&#8220;default&#8220; global_colors_info=&#8220;{}&#8220;][et_pb_slider _builder_version=&#8220;4.14.2&#8243; _module_preset=&#8220;default&#8220; background_color=&#8220;#8ba7bb&#8220; custom_button=&#8220;on&#8220; width=&#8220;110%&#8220; max_width=&#8220;105%&#8220; height=&#8220;470px&#8220; global_colors_info=&#8220;{}&#8220;][et_pb_slide heading=&#8220;Karin Wenter&#8220; image=&#8220;https:\/\/knowledge-edge.hakschwaz.at\/wp-content\/uploads\/2021\/12\/wenter-neu.jpg&#8220; _builder_version=&#8220;4.14.2&#8243; _module_preset=&#8220;default&#8220; body_text_align=&#8220;center&#8220; global_colors_info=&#8220;{}&#8220; sticky_transition=&#8220;on&#8220;][\/et_pb_slide][et_pb_slide _builder_version=&#8220;4.14.2&#8243; _module_preset=&#8220;default&#8220; body_font_size=&#8220;12px&#8220; global_colors_info=&#8220;{}&#8220; sticky_transition=&#8220;on&#8220;]<\/p>\n<p style=\"text-align: center;\"><span>Es gab einmal<\/span><span>\u2026eine<\/span> Projektidee <span>\u20265 \u00e4u\u00dferst engagierte Sch\u00fclerinnen mit Ideenreichtum und Umsetzungsst\u00e4rke<\/span><span>\u2026unz\u00e4hlige Stunden intensiver Arbeit <\/span><\/p>\n<p style=\"text-align: center;\"><span>Und heraus kam <\/span><span>eine moderne Online-Nachhilfeplattform f\u00fcr die BHAK\/BHAS Schwaz, die Vorteile f\u00fcr alle bringt und eine gro\u00dfe Bereicherung f\u00fcr den Schulalltag der gesamten Schulgemeinschaft bedeutet.<\/span><\/p>\n<p style=\"text-align: center;\"><span> <\/span><span>Danke und viel Erfolg!<\/span><\/p>\n<p>[\/et_pb_slide][\/et_pb_slider][\/et_pb_column][et_pb_column type=&#8220;1_4&#8243; _builder_version=&#8220;4.14.2&#8243; _module_preset=&#8220;default&#8220; global_colors_info=&#8220;{}&#8220;][et_pb_slider _builder_version=&#8220;4.14.2&#8243; _module_preset=&#8220;default&#8220; background_color=&#8220;#8ba7bb&#8220; width=&#8220;110%&#8220; max_width=&#8220;105%&#8220; content_max_width=&#8220;100%&#8220; height=&#8220;470px&#8220; custom_margin=&#8220;|-23px||||&#8220; global_colors_info=&#8220;{}&#8220;][et_pb_slide heading=&#8220;Michael Allram&#8220; image=&#8220;https:\/\/knowledge-edge.hakschwaz.at\/wp-content\/uploads\/2021\/12\/allram-neu.jpg&#8220; _builder_version=&#8220;4.14.2&#8243; _module_preset=&#8220;default&#8220; global_colors_info=&#8220;{}&#8220; sticky_transition=&#8220;on&#8220;][\/et_pb_slide][et_pb_slide _builder_version=&#8220;4.14.2&#8243; _module_preset=&#8220;default&#8220; global_colors_info=&#8220;{}&#8220; sticky_transition=&#8220;on&#8220;]<\/p>\n<p>Your content goes here. Edit or remove this text inline or in the module Content settings. You can also style every aspect of this content in the module Design settings and even apply custom CSS to this text in the module Advanced settings.<\/p>\n<p>[\/et_pb_slide][\/et_pb_slider][\/et_pb_column][et_pb_column type=&#8220;1_4&#8243; _builder_version=&#8220;4.14.2&#8243; _module_preset=&#8220;default&#8220; global_colors_info=&#8220;{}&#8220;][et_pb_slider _builder_version=&#8220;4.14.2&#8243; _module_preset=&#8220;default&#8220; background_color=&#8220;#8ba7bb&#8220; width=&#8220;110%&#8220; max_width=&#8220;105%&#8220; height=&#8220;470px&#8220; custom_margin=&#8220;|-22px||||&#8220; global_colors_info=&#8220;{}&#8220;][et_pb_slide heading=&#8220;Harald Schmid&#8220; image=&#8220;https:\/\/knowledge-edge.hakschwaz.at\/wp-content\/uploads\/2021\/12\/schmid-neu.jpg&#8220; _builder_version=&#8220;4.14.2&#8243; _module_preset=&#8220;default&#8220; global_colors_info=&#8220;{}&#8220; sticky_transition=&#8220;on&#8220;][\/et_pb_slide][et_pb_slide _builder_version=&#8220;4.14.2&#8243; _module_preset=&#8220;default&#8220; body_font_size=&#8220;13px&#8220; global_colors_info=&#8220;{}&#8220; sticky_transition=&#8220;on&#8220;]<\/p>\n<p><span data-contrast=\"auto\" xml:lang=\"DE-DE\" lang=\"DE-DE\" class=\"TextRun SCXW166888279 BCX0\"><span class=\"NormalTextRun SCXW166888279 BCX0\">Die Idee, eine Nachhilfeplattform f\u00fcr die\u00a0 BHAK Schwaz zu erstellen, ist gerade in dieser Zeit besonders aktuell, denn damit k\u00f6nnen sich Sch\u00fclerInnen vereinbarten Zeiten, g\u00fcnstigen Tarifen und ohne gro\u00dfen Zeitaufwand Unterst\u00fctzung holen und die Schule erfolgreich bestehen. Mit diesem Startup k\u00f6nnte<span> Knowledge-Edge<\/span><\/span><span class=\"NormalTextRun SCXW166888279 BCX0\"><span>\u00a0<\/span>genauso durchstarten wie das gro\u00dfe Vorbild \u201e<\/span><span class=\"NormalTextRun SpellingErrorV2 SCXW166888279 BCX0\">GoStudent<\/span><span class=\"NormalTextRun SCXW166888279 BCX0\">\u201c.<span>\u00a0<\/span><\/span><\/span><span class=\"EOP BookmarkStart BookmarkEnd SCXW166888279 BCX0\" data-ccp-props=\"{&quot;201341983&quot;:0,&quot;335559739&quot;:160,&quot;335559740&quot;:259}\">\u00a0<\/span><\/p>\n<p>[\/et_pb_slide][\/et_pb_slider][\/et_pb_column][\/et_pb_row][et_pb_row _builder_version=&#8220;4.14.2&#8243; _module_preset=&#8220;default&#8220; global_colors_info=&#8220;{}&#8220;][et_pb_column type=&#8220;4_4&#8243; _builder_version=&#8220;4.14.2&#8243; _module_preset=&#8220;default&#8220; global_colors_info=&#8220;{}&#8220;][et_pb_signup title=&#8220;Schreiben Sie uns!&#8220; button_text=&#8220;Nachricht senden&#8220; description=&#8220;<\/p>\n<p>Wir stehen sehr gerne f\u00fcr deine Fragen zur Verf\u00fcgun.<\/p>\n<p>&#8220; _builder_version=&#8220;4.14.2&#8243; _module_preset=&#8220;default&#8220; header_font_size=&#8220;25px&#8220; background_color=&#8220;#8ba7bb&#8220; global_colors_info=&#8220;{}&#8220;][\/et_pb_signup][\/et_pb_column][\/et_pb_row][et_pb_row column_structure=&#8220;1_2,1_2&#8243; _builder_version=&#8220;4.14.2&#8243; _module_preset=&#8220;default&#8220; global_colors_info=&#8220;{}&#8220;][et_pb_column type=&#8220;1_2&#8243; _builder_version=&#8220;4.14.2&#8243; _module_preset=&#8220;default&#8220; global_colors_info=&#8220;{}&#8220;][et_pb_comments show_avatar=&#8220;off&#8220; _builder_version=&#8220;4.14.2&#8243; _module_preset=&#8220;default&#8220; custom_button=&#8220;on&#8220; button_alignment=&#8220;right&#8220; global_colors_info=&#8220;{}&#8220;][\/et_pb_comments][\/et_pb_column][et_pb_column type=&#8220;1_2&#8243; _builder_version=&#8220;4.14.2&#8243; _module_preset=&#8220;default&#8220; global_colors_info=&#8220;{}&#8220;][et_pb_social_media_follow _builder_version=&#8220;4.14.2&#8243; _module_preset=&#8220;default&#8220; global_colors_info=&#8220;{}&#8220;][et_pb_social_media_follow_network social_network=&#8220;instagram&#8220; url=&#8220;https:\/\/www.instagram.com\/knowledgeedge.at\/&#8220; _builder_version=&#8220;4.14.2&#8243; _module_preset=&#8220;default&#8220; background_color=&#8220;#0C71C3&#8243; background_enable_color=&#8220;on&#8220; global_colors_info=&#8220;{}&#8220; follow_button=&#8220;off&#8220; url_new_window=&#8220;on&#8220;]instagram[\/et_pb_social_media_follow_network][\/et_pb_social_media_follow][\/et_pb_column][\/et_pb_row][\/et_pb_section]<\/p>\n","protected":false},"excerpt":{"rendered":"<p>Schnell zum Erfolg!Was bieten wir dir an? Durch Corona und die ganzen Lockdowns wurde Nachhilfe nehmen immer komplizierter. Unsere Idee war, auch in schwierigeren Phasen Nachhilfe durch unsere Webseite m\u00f6glich zu machen. Unsere Nachhilfelehrer sind Sch\u00fcler ab der 3. Klasse, die sich bereit erkl\u00e4rt haben anderen in ihren Spezialgebieten zu helfen. In der Anleitung, die [&hellip;]<\/p>\n","protected":false},"author":1,"featured_media":0,"parent":0,"menu_order":0,"comment_status":"closed","ping_status":"closed","template":"","meta":{"_et_pb_use_builder":"on","_et_pb_old_content":"","_et_gb_content_width":"","footnotes":""},"class_list":["post-112","page","type-page","status-publish","hentry"],"jetpack_sharing_enabled":true,"_links":{"self":[{"href":"https:\/\/knowledge-edge.hak-schwaz.at\/index.php?rest_route=\/wp\/v2\/pages\/112","targetHints":{"allow":["GET"]}}],"collection":[{"href":"https:\/\/knowledge-edge.hak-schwaz.at\/index.php?rest_route=\/wp\/v2\/pages"}],"about":[{"href":"https:\/\/knowledge-edge.hak-schwaz.at\/index.php?rest_route=\/wp\/v2\/types\/page"}],"author":[{"embeddable":true,"href":"https:\/\/knowledge-edge.hak-schwaz.at\/index.php?rest_route=\/wp\/v2\/users\/1"}],"replies":[{"embeddable":true,"href":"https:\/\/knowledge-edge.hak-schwaz.at\/index.php?rest_route=%2Fwp%2Fv2%2Fcomments&post=112"}],"version-history":[{"count":33,"href":"https:\/\/knowledge-edge.hak-schwaz.at\/index.php?rest_route=\/wp\/v2\/pages\/112\/revisions"}],"predecessor-version":[{"id":379,"href":"https:\/\/knowledge-edge.hak-schwaz.at\/index.php?rest_route=\/wp\/v2\/pages\/112\/revisions\/379"}],"wp:attachment":[{"href":"https:\/\/knowledge-edge.hak-schwaz.at\/index.php?rest_route=%2Fwp%2Fv2%2Fmedia&parent=112"}],"curies":[{"name":"wp","href":"https:\/\/api.w.org\/{rel}","templated":true}]}}